{"id":626,"date":"2015-12-29T07:35:28","date_gmt":"2015-12-29T07:35:28","guid":{"rendered":"http:\/\/demo.themelogi.com\/navian\/?page_id=626"},"modified":"2026-05-08T13:48:17","modified_gmt":"2026-05-08T13:48:17","slug":"transparencia","status":"publish","type":"page","link":"https:\/\/fogoesmaiseficientes.org.br\/?page_id=626","title":{"rendered":"Transpar\u00eancia"},"content":{"rendered":"<p>[vc_row css=&#8221;.vc_custom_1662483425344{background-color: #f2f2f2 !important;}&#8221;][vc_column]<div class=\"headings-title \"><div class=\"mb16 mb-xs-40 text-left\"><h5  class=\"widgettitle\">Objetivo 1 - Sele\u00e7\u00e3o e Treinamento de Agentes Comunit\u00e1rias<\/h5><div class=\"divider-wrap\"><div class=\"tlg-divider \" style=\"\"><\/div><\/div><\/div><\/div><div class=\"tlg-spacer  \" data-height=\"20\" data-height-tablet=\"20\" data-height-mobile=\"20\" style=\"clear:both;display:block;height:20px;\"><\/div>[vc_row_inner][vc_column_inner width=&#8221;1\/6&#8243;][vc_pie value=&#8221;100&#8243; label_value=&#8221;100&#8243; color=&#8221;vista-blue&#8221; units=&#8221;%&#8221;][vc_column_text]<\/p>\n<h4 style=\"text-align: center;\"><a href=\"https:\/\/www.flickr.com\/photos\/fogoesmaiseficientes\/albums\/72177720301958763\">Articula\u00e7\u00e3o com Associa\u00e7\u00f5es Locais<\/a><\/h4>\n<p>[\/vc_column_text][\/vc_column_inner][vc_column_inner width=&#8221;1\/6&#8243;][vc_pie value=&#8221;100&#8243; label_value=&#8221;100&#8243; color=&#8221;vista-blue&#8221; units=&#8221;%&#8221;][vc_column_text]<\/p>\n<h4 style=\"text-align: center;\"><a href=\"https:\/\/www.flickr.com\/photos\/fogoesmaiseficientes\/albums\/72177720301939081\">Composi\u00e7\u00e3o de Lista de Interessados<\/a><\/h4>\n<p>[\/vc_column_text][\/vc_column_inner][vc_column_inner width=&#8221;1\/6&#8243;][vc_pie value=&#8221;100&#8243; label_value=&#8221;100&#8243; color=&#8221;vista-blue&#8221; units=&#8221;%&#8221;][vc_column_text]<\/p>\n<h4 style=\"text-align: center;\"><a href=\"https:\/\/www.flickr.com\/photos\/fogoesmaiseficientes\/albums\/72177720301946937\">Entrevistas de Sele\u00e7\u00e3o de Agentes para o Projeto<\/a><\/h4>\n<p>[\/vc_column_text][\/vc_column_inner][vc_column_inner width=&#8221;1\/6&#8243;][vc_pie value=&#8221;100&#8243; label_value=&#8221;100&#8243; color=&#8221;vista-blue&#8221; units=&#8221;%&#8221;][vc_column_text]<\/p>\n<h4 style=\"text-align: center;\"><a href=\"https:\/\/www.flickr.com\/photos\/fogoesmaiseficientes\/albums\/72177720301884251\">Oficina de Integra\u00e7\u00e3o<\/a><\/h4>\n<p>[\/vc_column_text][\/vc_column_inner][vc_column_inner width=&#8221;1\/6&#8243;][vc_pie value=&#8221;100&#8243; label_value=&#8221;100&#8243; color=&#8221;vista-blue&#8221; units=&#8221;%&#8221;][vc_column_text]<\/p>\n<h4 style=\"text-align: center;\"><a href=\"https:\/\/www.flickr.com\/photos\/fogoesmaiseficientes\/albums\/72177720301892607\">Capacita\u00e7\u00e3o para Engajamentos<\/a><\/h4>\n<p>[\/vc_column_text][\/vc_column_inner][\/vc_row_inner][vc_row_inner][vc_column_inner width=&#8221;1\/6&#8243;][vc_pie value=&#8221;100&#8243; label_value=&#8221;100&#8243; color=&#8221;vista-blue&#8221; units=&#8221;%&#8221;][vc_column_text]<\/p>\n<h4 style=\"text-align: center;\"><a href=\"https:\/\/www.flickr.com\/photos\/fogoesmaiseficientes\/albums\/72177720301892262\">Capacita\u00e7\u00e3o para treinamentos de uso e manuten\u00e7\u00e3o<\/a><\/h4>\n<p>[\/vc_column_text][\/vc_column_inner][vc_column_inner width=&#8221;1\/6&#8243;][vc_pie value=&#8221;95&#8243; label_value=&#8221;95&#8243; color=&#8221;vista-blue&#8221; units=&#8221;%&#8221;][vc_column_text]<\/p>\n<h4 style=\"text-align: center;\"><a href=\"https:\/\/www.flickr.com\/photos\/fogoesmaiseficientes\/albums\/72177720301893609\">Capacita\u00e7\u00e3o para Monitoramentos<\/a><\/h4>\n<p>[\/vc_column_text][\/vc_column_inner][vc_column_inner width=&#8221;1\/6&#8243;][\/vc_column_inner][vc_column_inner width=&#8221;1\/6&#8243;][\/vc_column_inner][vc_column_inner width=&#8221;1\/6&#8243;][\/vc_column_inner][vc_column_inner width=&#8221;1\/6&#8243;][\/vc_column_inner][\/vc_row_inner][\/vc_column][\/vc_row][vc_row][vc_column]<div class=\"headings-title \"><div class=\"mb16 mb-xs-40 text-left\"><h5  class=\"widgettitle\">Objetivo 2 - Engajamento dos Participantes<\/h5><div class=\"divider-wrap\"><div class=\"tlg-divider \" style=\"\"><\/div><\/div><\/div><\/div><div class=\"tlg-spacer  \" data-height=\"20\" data-height-tablet=\"20\" data-height-mobile=\"20\" style=\"clear:both;display:block;height:20px;\"><\/div>[vc_row_inner][vc_column_inner width=&#8221;1\/6&#8243;][vc_pie value=&#8221;100&#8243; label_value=&#8221;100&#8243; color=&#8221;vista-blue&#8221; units=&#8221;%&#8221;][vc_column_text]<\/p>\n<h4 style=\"text-align: center;\"><a href=\"https:\/\/www.flickr.com\/photos\/fogoesmaiseficientes\/albums\/72177720301892987\">Reuni\u00f5es com Associa\u00e7\u00f5es Locais<\/a><\/h4>\n<p>[\/vc_column_text][\/vc_column_inner][vc_column_inner width=&#8221;1\/6&#8243;][vc_pie value=&#8221;94&#8243; label_value=&#8221;94&#8243; color=&#8221;vista-blue&#8221; units=&#8221;%&#8221;][vc_column_text]<\/p>\n<h4 style=\"text-align: center;\"><a href=\"https:\/\/www.flickr.com\/photos\/fogoesmaiseficientes\/albums\/72177720301904618\">Cria\u00e7\u00e3o, Impress\u00e3o e Distribui\u00e7\u00e3o de Cartilha<\/a><\/h4>\n<p>[\/vc_column_text][\/vc_column_inner][vc_column_inner width=&#8221;1\/6&#8243;][vc_pie value=&#8221;97&#8243; label_value=&#8221;97&#8243; color=&#8221;vista-blue&#8221; units=&#8221;%&#8221;][vc_column_text]<\/p>\n<h4 style=\"text-align: center;\"><a href=\"https:\/\/www.flickr.com\/photos\/fogoesmaiseficientes\/albums\/72177720301883340\">Visita\u00e7\u00e3o de Todas as Casas Interessadas<\/a><\/h4>\n<p>[\/vc_column_text][\/vc_column_inner][vc_column_inner width=&#8221;1\/6&#8243;][\/vc_column_inner][vc_column_inner width=&#8221;1\/6&#8243;][\/vc_column_inner][vc_column_inner width=&#8221;1\/6&#8243;][\/vc_column_inner][\/vc_row_inner][\/vc_column][\/vc_row][vc_row css=&#8221;.vc_custom_1659108079710{background-color: #f2f2f2 !important;}&#8221;][vc_column]<div class=\"headings-title \"><div class=\"mb16 mb-xs-40 text-left\"><h5  class=\"widgettitle\">Objetivo 3 - Constru\u00e7\u00e3o dos Fog\u00f5es Ecoeficientes<\/h5><div class=\"divider-wrap\"><div class=\"tlg-divider \" style=\"\"><\/div><\/div><\/div><\/div><div class=\"tlg-spacer  \" data-height=\"20\" data-height-tablet=\"20\" data-height-mobile=\"20\" style=\"clear:both;display:block;height:20px;\"><\/div>[vc_row_inner][vc_column_inner width=&#8221;1\/6&#8243;][vc_pie value=&#8221;95&#8243; label_value=&#8221;95&#8243; color=&#8221;vista-blue&#8221; units=&#8221;%&#8221;][vc_column_text]<\/p>\n<h4 style=\"text-align: center;\"><a href=\"http:\/\/flickr.com\/photos\/fogoesmaiseficientes\/albums\/72177720297511207\">Aquisi\u00e7\u00e3o de Materiais e Equipamentos<\/a><\/h4>\n<p>[\/vc_column_text][\/vc_column_inner][vc_column_inner width=&#8221;1\/6&#8243;][vc_pie value=&#8221;95&#8243; label_value=&#8221;95&#8243; color=&#8221;vista-blue&#8221; units=&#8221;%&#8221;][vc_column_text]<\/p>\n<h4 style=\"text-align: center;\"><a href=\"https:\/\/www.flickr.com\/photos\/fogoesmaiseficientes\/albums\/72177720301899787\">Beneficiamento de Kits para a Distribui\u00e7\u00e3o<\/a><\/h4>\n<p>[\/vc_column_text][\/vc_column_inner][vc_column_inner width=&#8221;1\/6&#8243;][vc_pie value=&#8221;95&#8243; label_value=&#8221;95&#8243; color=&#8221;vista-blue&#8221; units=&#8221;%&#8221;][vc_column_text]<\/p>\n<h4 style=\"text-align: center;\"><a href=\"https:\/\/www.flickr.com\/photos\/fogoesmaiseficientes\/sets\/72177720301899802\/\">Distribui\u00e7\u00e3o dos Kits Individualmente por Casa<\/a><\/h4>\n<p>[\/vc_column_text][\/vc_column_inner][vc_column_inner width=&#8221;1\/6&#8243;][vc_pie value=&#8221;94&#8243; label_value=&#8221;94&#8243; color=&#8221;vista-blue&#8221; units=&#8221;%&#8221;][vc_column_text]<\/p>\n<h4 style=\"text-align: center;\"><a href=\"https:\/\/www.flickr.com\/photos\/fogoesmaiseficientes\/albums\/72177720297510900\">Confec\u00e7\u00e3o dos Fog\u00f5es<\/a><\/h4>\n<p>[\/vc_column_text][\/vc_column_inner][vc_column_inner width=&#8221;1\/6&#8243;][vc_pie value=&#8221;94&#8243; label_value=&#8221;94&#8243; color=&#8221;vista-blue&#8221; units=&#8221;%&#8221;][vc_column_text]<\/p>\n<h4 style=\"text-align: center;\"><a href=\"https:\/\/www.flickr.com\/photos\/fogoesmaiseficientes\/albums\/72177720301891766\">Visita\u00e7\u00e3o de todas as casas imediatamente ap\u00f3s a constru\u00e7\u00e3o para treinamento de uso e manuten\u00e7\u00e3o<\/a><\/h4>\n<p>[\/vc_column_text][\/vc_column_inner][vc_column_inner width=&#8221;1\/6&#8243;][\/vc_column_inner][\/vc_row_inner][\/vc_column][\/vc_row][vc_row][vc_column]<div class=\"headings-title \"><div class=\"mb16 mb-xs-40 text-left\"><h5  class=\"widgettitle\">Objetivo 4 - Implanta\u00e7\u00e3o dos Quintais Agroflorestais<\/h5><div class=\"divider-wrap\"><div class=\"tlg-divider \" style=\"\"><\/div><\/div><\/div><\/div><div class=\"tlg-spacer  \" data-height=\"20\" data-height-tablet=\"20\" data-height-mobile=\"20\" style=\"clear:both;display:block;height:20px;\"><\/div>[vc_row_inner][vc_column_inner width=&#8221;1\/6&#8243;][vc_pie value=&#8221;100&#8243; label_value=&#8221;100&#8243; color=&#8221;vista-blue&#8221; units=&#8221;%&#8221;][vc_column_text]<\/p>\n<h4 style=\"text-align: center;\"><a href=\"https:\/\/www.flickr.com\/photos\/fogoesmaiseficientes\/sets\/72177720301900707\/\">Caracteriza\u00e7\u00e3o f\u00edsica e ambiental do territ\u00f3rio para implanta\u00e7\u00e3o dos Quintais Agroflorestais <\/a><\/h4>\n<p>[\/vc_column_text][\/vc_column_inner][vc_column_inner width=&#8221;1\/6&#8243;][vc_pie value=&#8221;100&#8243; label_value=&#8221;100&#8243; color=&#8221;vista-blue&#8221; units=&#8221;%&#8221;][vc_column_text]<\/p>\n<h4 style=\"text-align: center;\"><a href=\"https:\/\/www.flickr.com\/photos\/fogoesmaiseficientes\/sets\/72177720301892521\/\">Elabora\u00e7\u00e3o do mapa base das \u00e1reas priorit\u00e1rias<\/a><\/h4>\n<p>[\/vc_column_text][\/vc_column_inner][vc_column_inner width=&#8221;1\/6&#8243;][vc_pie value=&#8221;100&#8243; label_value=&#8221;100&#8243; color=&#8221;vista-blue&#8221; units=&#8221;%&#8221;][vc_column_text]<\/p>\n<h4 style=\"text-align: center;\"><a href=\"https:\/\/www.flickr.com\/photos\/fogoesmaiseficientes\/sets\/72177720301905924\/\">Composi\u00e7\u00e3o da lista de interessados nos Quintais<\/a><\/h4>\n<p>[\/vc_column_text][\/vc_column_inner][vc_column_inner width=&#8221;1\/6&#8243;][vc_pie value=&#8221;100&#8243; label_value=&#8221;100&#8243; color=&#8221;vista-blue&#8221; units=&#8221;%&#8221;][vc_column_text]<\/p>\n<h4 style=\"text-align: center;\"><a href=\"https:\/\/www.flickr.com\/photos\/fogoesmaiseficientes\/sets\/72177720301915848\/\">Visita t\u00e9cnica a cada propriedade<\/a><\/h4>\n<p>[\/vc_column_text][\/vc_column_inner][vc_column_inner width=&#8221;1\/6&#8243;][vc_pie value=&#8221;100&#8243; label_value=&#8221;100&#8243; color=&#8221;vista-blue&#8221; units=&#8221;%&#8221;][vc_column_text]<\/p>\n<h4 style=\"text-align: center;\"><a href=\"https:\/\/www.flickr.com\/photos\/fogoesmaiseficientes\/sets\/72177720297511115\/\">Implantar Banco de Germoplasma<\/a><\/h4>\n<p>[\/vc_column_text][\/vc_column_inner][vc_column_inner width=&#8221;1\/6&#8243;][vc_pie value=&#8221;90&#8243; label_value=&#8221;90&#8243; color=&#8221;vista-blue&#8221; units=&#8221;%&#8221;][vc_column_text]<\/p>\n<h4 style=\"text-align: center;\"><a href=\"https:\/\/www.flickr.com\/photos\/fogoesmaiseficientes\/sets\/72177720297511377\/\">Produ\u00e7\u00e3o e Aquisi\u00e7\u00e3o de Mudas<\/a><\/h4>\n<p>[\/vc_column_text][\/vc_column_inner][\/vc_row_inner][vc_row_inner][vc_column_inner width=&#8221;1\/6&#8243;][vc_pie value=&#8221;78&#8243; label_value=&#8221;78&#8243; color=&#8221;vista-blue&#8221; units=&#8221;%&#8221;][vc_column_text]<\/p>\n<h4 style=\"text-align: center;\"><a href=\"https:\/\/www.flickr.com\/photos\/fogoesmaiseficientes\/sets\/72177720302136200\/\">Transporte de Mudas<\/a><\/h4>\n<p>[\/vc_column_text][\/vc_column_inner][vc_column_inner width=&#8221;1\/6&#8243;][vc_pie value=&#8221;87&#8243; label_value=&#8221;87&#8243; color=&#8221;vista-blue&#8221; units=&#8221;%&#8221;][vc_column_text]<\/p>\n<h4 style=\"text-align: center;\"><a href=\"https:\/\/www.flickr.com\/photos\/fogoesmaiseficientes\/sets\/72177720301892661\/\">Preparo de \u00c1reas<\/a><\/h4>\n<p>[\/vc_column_text][\/vc_column_inner][vc_column_inner width=&#8221;1\/6&#8243;][vc_pie value=&#8221;86&#8243; label_value=&#8221;86&#8243; color=&#8221;vista-blue&#8221; units=&#8221;%&#8221;][vc_column_text]<\/p>\n<h4 style=\"text-align: center;\"><a href=\"https:\/\/www.flickr.com\/photos\/fogoesmaiseficientes\/sets\/72177720301900887\/\">Implanta\u00e7\u00e3o de Quintais Agroflorestais<\/a><\/h4>\n<p>[\/vc_column_text][\/vc_column_inner][vc_column_inner width=&#8221;1\/6&#8243;][vc_pie value=&#8221;100&#8243; label_value=&#8221;100&#8243; color=&#8221;vista-blue&#8221; units=&#8221;%&#8221;][vc_column_text]<\/p>\n<h4 style=\"text-align: center;\"><a href=\"https:\/\/www.flickr.com\/photos\/fogoesmaiseficientes\/sets\/72177720301891135\/\">Manuten\u00e7\u00e3o de Quintais Implantados<\/a><\/h4>\n<p>[\/vc_column_text][\/vc_column_inner][vc_column_inner width=&#8221;1\/6&#8243;][\/vc_column_inner][vc_column_inner width=&#8221;1\/6&#8243;][\/vc_column_inner][\/vc_row_inner][\/vc_column][\/vc_row][vc_row css=&#8221;.vc_custom_1659108479486{background-color: #f2f2f2 !important;}&#8221;][vc_column]<div class=\"headings-title \"><div class=\"mb16 mb-xs-40 text-left\"><h5  class=\"widgettitle\">Objetivo 5 - Realiza\u00e7\u00e3o de Oficinas e Interc\u00e2mbios<\/h5><div class=\"divider-wrap\"><div class=\"tlg-divider \" style=\"\"><\/div><\/div><\/div><\/div><div class=\"tlg-spacer  \" data-height=\"20\" data-height-tablet=\"20\" data-height-mobile=\"20\" style=\"clear:both;display:block;height:20px;\"><\/div>[vc_row_inner][vc_column_inner width=&#8221;1\/6&#8243;][vc_pie value=&#8221;98&#8243; label_value=&#8221;98&#8243; color=&#8221;vista-blue&#8221; units=&#8221;%&#8221;][vc_column_text]<\/p>\n<h4 style=\"text-align: center;\"><a href=\"https:\/\/www.flickr.com\/photos\/fogoesmaiseficientes\/sets\/72177720301901617\/\">Divulga\u00e7\u00e3o das oficinas e interc\u00e2mbios<\/a><\/h4>\n<p>[\/vc_column_text][\/vc_column_inner][vc_column_inner width=&#8221;1\/6&#8243;][vc_pie value=&#8221;100&#8243; label_value=&#8221;100&#8243; color=&#8221;vista-blue&#8221; units=&#8221;%&#8221;][vc_column_text]<\/p>\n<h4 style=\"text-align: center;\"><a href=\"https:\/\/www.flickr.com\/photos\/fogoesmaiseficientes\/sets\/72177720297515678\/\">Realiza\u00e7\u00e3o de Oficinas para Pedreiros<\/a><\/h4>\n<p>[\/vc_column_text][\/vc_column_inner][vc_column_inner width=&#8221;1\/6&#8243;][vc_pie value=&#8221;40&#8243; label_value=&#8221;40&#8243; color=&#8221;vista-blue&#8221; units=&#8221;%&#8221;][vc_column_text]<\/p>\n<h4 style=\"text-align: center;\"><a href=\"https:\/\/www.flickr.com\/photos\/fogoesmaiseficientes\/sets\/72177720301891850\/\">Realiza\u00e7\u00e3o de Oficinas para gestores p\u00fablicos e ONGs<\/a><\/h4>\n<p>[\/vc_column_text][\/vc_column_inner][vc_column_inner width=&#8221;1\/6&#8243;][vc_pie value=&#8221;100&#8243; label_value=&#8221;100&#8243; color=&#8221;vista-blue&#8221; units=&#8221;%&#8221;][vc_column_text]<\/p>\n<h4 style=\"text-align: center;\"><a href=\"https:\/\/www.flickr.com\/photos\/fogoesmaiseficientes\/sets\/72177720301902544\/\">Realiza\u00e7\u00e3o de Oficinas para produtores agroflorestais<\/a><\/h4>\n<p>[\/vc_column_text][\/vc_column_inner][vc_column_inner width=&#8221;1\/6&#8243;][vc_pie value=&#8221;67&#8243; label_value=&#8221;67&#8243; color=&#8221;vista-blue&#8221; units=&#8221;%&#8221;][vc_column_text]<\/p>\n<h4 style=\"text-align: center;\"><a href=\"https:\/\/www.flickr.com\/photos\/fogoesmaiseficientes\/sets\/72177720301954027\/\">Realiza\u00e7\u00e3o de Interc\u00e2mbios com outras ONGs<\/a><\/h4>\n<p>[\/vc_column_text][\/vc_column_inner][\/vc_row_inner][vc_row_inner][vc_column_inner width=&#8221;1\/6&#8243;][vc_pie value=&#8221;0&#8243; label_value=&#8221;0&#8243; color=&#8221;vista-blue&#8221; units=&#8221;%&#8221;][vc_column_text]<\/p>\n<h4 style=\"text-align: center;\"><a href=\"https:\/\/www.flickr.com\/photos\/fogoesmaiseficientes\/sets\/72177720301912878\/\">Formaliza\u00e7\u00e3o da Parceria<\/a><\/h4>\n<p>[\/vc_column_text][\/vc_column_inner][vc_column_inner width=&#8221;1\/6&#8243;][vc_pie value=&#8221;0&#8243; label_value=&#8221;0&#8243; color=&#8221;vista-blue&#8221; units=&#8221;%&#8221;][vc_column_text]<\/p>\n<h4 style=\"text-align: center;\"><a href=\"https:\/\/www.flickr.com\/photos\/fogoesmaiseficientes\/sets\/72177720301893581\/\">Treinamento T\u00e9cnicos SEBRAE<\/a><\/h4>\n<p>[\/vc_column_text][\/vc_column_inner][vc_column_inner width=&#8221;1\/6&#8243;][vc_pie value=&#8221;0&#8243; label_value=&#8221;0&#8243; color=&#8221;vista-blue&#8221; units=&#8221;%&#8221;][vc_column_text]<\/p>\n<h4 style=\"text-align: center;\"><a href=\"https:\/\/www.flickr.com\/photos\/fogoesmaiseficientes\/sets\/72177720301893601\/\">Apoio as A\u00e7\u00f5es SEBRAE<\/a><\/h4>\n<p>[\/vc_column_text][\/vc_column_inner][vc_column_inner width=&#8221;1\/6&#8243;][\/vc_column_inner][vc_column_inner width=&#8221;1\/6&#8243;][\/vc_column_inner][vc_column_inner width=&#8221;1\/6&#8243;][\/vc_column_inner][\/vc_row_inner][\/vc_column][\/vc_row][vc_row][vc_column]<div class=\"headings-title \"><div class=\"mb16 mb-xs-40 text-left\"><h5  class=\"widgettitle\">Objetivo 6 - Monitoramento e Cr\u00e9ditos de Carbono<\/h5><div class=\"divider-wrap\"><div class=\"tlg-divider \" style=\"\"><\/div><\/div><\/div><\/div><div class=\"tlg-spacer  \" data-height=\"20\" data-height-tablet=\"20\" data-height-mobile=\"20\" style=\"clear:both;display:block;height:20px;\"><\/div>[vc_row_inner][vc_column_inner width=&#8221;1\/6&#8243;][vc_pie value=&#8221;69&#8243; label_value=&#8221;69&#8243; color=&#8221;vista-blue&#8221; units=&#8221;%&#8221;][vc_column_text]<\/p>\n<h4 style=\"text-align: center;\"><a href=\"https:\/\/www.flickr.com\/photos\/fogoesmaiseficientes\/sets\/72177720301957273\/\">Visitas t\u00e9cnicas de entrevistas e medi\u00e7\u00f5es de linha de base<\/a><\/h4>\n<p>[\/vc_column_text][\/vc_column_inner][vc_column_inner width=&#8221;1\/6&#8243;][vc_pie value=&#8221;100&#8243; label_value=&#8221;100&#8243; color=&#8221;vista-blue&#8221; units=&#8221;%&#8221;][vc_column_text]<\/p>\n<h4 style=\"text-align: center;\"><a href=\"https:\/\/www.flickr.com\/photos\/fogoesmaiseficientes\/sets\/72177720301935915\/\">Elabora\u00e7\u00e3o do PDD<\/a><\/h4>\n<p>[\/vc_column_text][\/vc_column_inner][vc_column_inner width=&#8221;1\/6&#8243;][vc_pie value=&#8221;0&#8243; label_value=&#8221;0&#8243; color=&#8221;vista-blue&#8221; units=&#8221;%&#8221;][vc_column_text]<\/p>\n<h4 style=\"text-align: center;\"><a href=\"https:\/\/www.flickr.com\/photos\/fogoesmaiseficientes\/\">Verifica\u00e7\u00f5es Carbono<\/a><\/h4>\n<p>[\/vc_column_text][\/vc_column_inner][\/vc_row_inner]<div class=\"headings-title \"><div class=\"mb70 mb-xs-40 text-left\"><h5  class=\"widgettitle\">Objetivo 7 - Apoio Administrativo<\/h5><div class=\"divider-wrap\"><div class=\"tlg-divider \" style=\"\"><\/div><\/div><\/div><\/div>[vc_row_inner][vc_column_inner width=&#8221;1\/6&#8243;][vc_pie value=&#8221;94&#8243; label_value=&#8221;94&#8243; color=&#8221;vista-blue&#8221; units=&#8221;%&#8221;][vc_column_text]<\/p>\n<h4 style=\"text-align: center;\"><a href=\"https:\/\/www.flickr.com\/photos\/fogoesmaiseficientes\/albums\/with\/72177720302136200\">Controlar RH<\/a><\/h4>\n<p>[\/vc_column_text][\/vc_column_inner][vc_column_inner width=&#8221;1\/6&#8243;][vc_pie value=&#8221;78&#8243; label_value=&#8221;78&#8243; color=&#8221;vista-blue&#8221; units=&#8221;%&#8221;][vc_column_text]<\/p>\n<h4 style=\"text-align: center;\"><a href=\"https:\/\/www.flickr.com\/photos\/fogoesmaiseficientes\/albums\/with\/72177720302136200\">Realizar Or\u00e7amentos e Compras<\/a><\/h4>\n<p>[\/vc_column_text][\/vc_column_inner][vc_column_inner width=&#8221;1\/6&#8243;][vc_pie value=&#8221;96&#8243; label_value=&#8221;96&#8243; color=&#8221;vista-blue&#8221; units=&#8221;%&#8221;][vc_column_text]<\/p>\n<h4 style=\"text-align: center;\"><a href=\"https:\/\/www.flickr.com\/photos\/fogoesmaiseficientes\/albums\">Controlar Fluxos de Caixa e Contabilidade<\/a><\/h4>\n<p>&nbsp;[\/vc_column_text][\/vc_column_inner][vc_column_inner width=&#8221;1\/6&#8243;][vc_pie value=&#8221;94&#8243; label_value=&#8221;94&#8243; color=&#8221;vista-blue&#8221; units=&#8221;%&#8221;][vc_column_text]<\/p>\n<h4 style=\"text-align: center;\"><a href=\"https:\/\/www.flickr.com\/photos\/fogoesmaiseficientes\/albums\">Gerir Contratos e Temas Jur\u00eddicos<\/a><\/h4>\n<p>&nbsp;[\/vc_column_text][\/vc_column_inner][vc_column_inner width=&#8221;1\/6&#8243;][vc_pie value=&#8221;94&#8243; label_value=&#8221;94&#8243; color=&#8221;vista-blue&#8221; units=&#8221;%&#8221;][vc_column_text]<\/p>\n<h4 style=\"text-align: center;\"><a href=\"https:\/\/www.flickr.com\/photos\/fogoesmaiseficientes\/albums\">Alugar e mobiliar salas de escrit\u00f3rio<\/a><\/h4>\n<p>[\/vc_column_text][\/vc_column_inner][vc_column_inner width=&#8221;1\/6&#8243;][vc_pie value=&#8221;94&#8243; label_value=&#8221;94&#8243; color=&#8221;vista-blue&#8221; units=&#8221;%&#8221;][vc_column_text]<\/p>\n<h4 style=\"text-align: center;\"><a href=\"https:\/\/www.flickr.com\/photos\/fogoesmaiseficientes\/albums\">Equipamentos Permanente e Despesas de Viagem<\/a><\/h4>\n<p>[\/vc_column_text][\/vc_column_inner][\/vc_row_inner][\/vc_column][\/vc_row]<\/p>\n","protected":false},"excerpt":{"rendered":"<p>[vc_row css=&#8221;.vc_custom_1662483425344{background-color: #f2f2f2 !important;}&#8221;][vc_column][vc_row_inner][vc_column_inner width=&#8221;1\/6&#8243;][vc_pie value=&#8221;100&#8243; label_value=&#8221;100&#8243; color=&#8221;vista-blue&#8221; units=&#8221;%&#8221;][vc_column_text] Articula\u00e7\u00e3o com Associa\u00e7\u00f5es Locais [\/vc_column_text][\/vc_column_inner][vc_column_inner width=&#8221;1\/6&#8243;][vc_pie value=&#8221;100&#8243; label_value=&#8221;100&#8243; color=&#8221;vista-blue&#8221; units=&#8221;%&#8221;][vc_column_text] Composi\u00e7\u00e3o de Lista de Interessados [\/vc_column_text][\/vc_column_inner][vc_column_inner width=&#8221;1\/6&#8243;][vc_pie value=&#8221;100&#8243; label_value=&#8221;100&#8243; color=&#8221;vista-blue&#8221; units=&#8221;%&#8221;][vc_column_text] Entrevistas de Sele\u00e7\u00e3o de Agentes para o Projeto [\/vc_column_text][\/vc_column_inner][vc_column_inner width=&#8221;1\/6&#8243;][vc_pie value=&#8221;100&#8243; label_value=&#8221;100&#8243; color=&#8221;vista-blue&#8221; units=&#8221;%&#8221;][vc_column_text] Oficina de Integra\u00e7\u00e3o [\/vc_column_text][\/vc_column_inner][vc_column_inner width=&#8221;1\/6&#8243;][vc_pie value=&#8221;100&#8243; label_value=&#8221;100&#8243; color=&#8221;vista-blue&#8221; units=&#8221;%&#8221;][vc_column_text] Capacita\u00e7\u00e3o para&#8230;<\/p>\n","protected":false},"author":1,"featured_media":9033,"parent":0,"menu_order":0,"comment_status":"closed","ping_status":"closed","template":"","meta":{"footnotes":""},"class_list":["post-626","page","type-page","status-publish","has-post-thumbnail","hentry"],"_links":{"self":[{"href":"https:\/\/fogoesmaiseficientes.org.br\/index.php?rest_route=\/wp\/v2\/pages\/626","targetHints":{"allow":["GET"]}}],"collection":[{"href":"https:\/\/fogoesmaiseficientes.org.br\/index.php?rest_route=\/wp\/v2\/pages"}],"about":[{"href":"https:\/\/fogoesmaiseficientes.org.br\/index.php?rest_route=\/wp\/v2\/types\/page"}],"author":[{"embeddable":true,"href":"https:\/\/fogoesmaiseficientes.org.br\/index.php?rest_route=\/wp\/v2\/users\/1"}],"replies":[{"embeddable":true,"href":"https:\/\/fogoesmaiseficientes.org.br\/index.php?rest_route=%2Fwp%2Fv2%2Fcomments&post=626"}],"version-history":[{"count":114,"href":"https:\/\/fogoesmaiseficientes.org.br\/index.php?rest_route=\/wp\/v2\/pages\/626\/revisions"}],"predecessor-version":[{"id":9240,"href":"https:\/\/fogoesmaiseficientes.org.br\/index.php?rest_route=\/wp\/v2\/pages\/626\/revisions\/9240"}],"wp:featuredmedia":[{"embeddable":true,"href":"https:\/\/fogoesmaiseficientes.org.br\/index.php?rest_route=\/wp\/v2\/media\/9033"}],"wp:attachment":[{"href":"https:\/\/fogoesmaiseficientes.org.br\/index.php?rest_route=%2Fwp%2Fv2%2Fmedia&parent=626"}],"curies":[{"name":"wp","href":"https:\/\/api.w.org\/{rel}","templated":true}]}}